{"id":14,"date":"2025-04-16T21:13:47","date_gmt":"2025-04-16T19:13:47","guid":{"rendered":"https:\/\/smartemail.pl\/?page_id=14"},"modified":"2025-07-07T15:18:23","modified_gmt":"2025-07-07T13:18:23","slug":"smartemail-pl-automatyzacja-publikacji-tresci-prasowych","status":"publish","type":"page","link":"https:\/\/smartemail.pl\/","title":{"rendered":"SMARTemail.pl"},"content":{"rendered":"\n\t\t\t\t<img loading=\"lazy\" decoding=\"async\" src=\"https:\/\/smartemail.pl\/wp-content\/uploads\/2025\/07\/logo-smart-email-biale-final.png\" alt=\"logo smartemail\" itemprop=\"image\" height=\"193\" width=\"816\" title=\"logo-smart-email-biale-final\" onerror=\"this.style.display='none'\"  \/>\n<h2>\n\t\tAutomatyzacja publikacji komunikat\u00f3w prasowych\n\t<\/h2>\n<h2>\n\t\tkontakt: 604 119 554\n\t<\/h2>\n","protected":false},"excerpt":{"rendered":"<p>Automatyzacja publikacji komunikat\u00f3w prasowych kontakt: 604 119 554<\/p>\n","protected":false},"author":1,"featured_media":0,"parent":0,"menu_order":0,"comment_status":"closed","ping_status":"closed","template":"tpl-no-header-footer.php","meta":{"footnotes":""},"class_list":["post-14","page","type-page","status-publish","hentry"],"yoast_head":"<!-- This site is optimized with the Yoast SEO plugin v25.4 - https:\/\/yoast.com\/wordpress\/plugins\/seo\/ -->\n<title>SMARTemail.pl - automatyzacja publikacji komunikat\u00f3w prasowych<\/title>\n<meta name=\"description\" content=\"Zmieniaj wiadomo\u015bci prasowe w gotowe publikacje jednym klikni\u0119ciem. Szybko przekszta\u0142caj otrzymane maile w gotowe artyku\u0142y\" \/>\n<meta name=\"robots\" content=\"index, follow, max-snippet:-1, max-image-preview:large, max-video-preview:-1\" \/>\n<link rel=\"canonical\" href=\"https:\/\/smartemail.pl\/\" \/>\n<meta property=\"og:locale\" content=\"en_US\" \/>\n<meta property=\"og:type\" content=\"article\" \/>\n<meta property=\"og:title\" content=\"SMARTemail.pl - automatyzacja publikacji komunikat\u00f3w prasowych\" \/>\n<meta property=\"og:description\" content=\"Zmieniaj wiadomo\u015bci prasowe w gotowe publikacje jednym klikni\u0119ciem. Szybko przekszta\u0142caj otrzymane maile w gotowe artyku\u0142y\" \/>\n<meta property=\"og:url\" content=\"https:\/\/smartemail.pl\/\" \/>\n<meta property=\"og:site_name\" content=\"Smartemail.pl\" \/>\n<meta property=\"article:modified_time\" content=\"2025-07-07T13:18:23+00:00\" \/>\n<meta property=\"og:image\" content=\"https:\/\/smartemail.pl\/wp-content\/uploads\/2025\/07\/logo-smart-email-biale-final.png\" \/>\n<meta name=\"twitter:card\" content=\"summary_large_image\" \/>\n<meta name=\"twitter:label1\" content=\"Est. reading time\" \/>\n\t<meta name=\"twitter:data1\" content=\"1 minute\" \/>\n<script type=\"application\/ld+json\" class=\"yoast-schema-graph\">{\"@context\":\"https:\/\/schema.org\",\"@graph\":[{\"@type\":\"WebPage\",\"@id\":\"https:\/\/smartemail.pl\/\",\"url\":\"https:\/\/smartemail.pl\/\",\"name\":\"SMARTemail.pl - automatyzacja publikacji komunikat\u00f3w prasowych\",\"isPartOf\":{\"@id\":\"https:\/\/smartemail.pl\/#website\"},\"primaryImageOfPage\":{\"@id\":\"https:\/\/smartemail.pl\/#primaryimage\"},\"image\":{\"@id\":\"https:\/\/smartemail.pl\/#primaryimage\"},\"thumbnailUrl\":\"https:\/\/smartemail.pl\/wp-content\/uploads\/2025\/07\/logo-smart-email-biale-final.png\",\"datePublished\":\"2025-04-16T19:13:47+00:00\",\"dateModified\":\"2025-07-07T13:18:23+00:00\",\"description\":\"Zmieniaj wiadomo\u015bci prasowe w gotowe publikacje jednym klikni\u0119ciem. Szybko przekszta\u0142caj otrzymane maile w gotowe artyku\u0142y\",\"breadcrumb\":{\"@id\":\"https:\/\/smartemail.pl\/#breadcrumb\"},\"inLanguage\":\"en-US\",\"potentialAction\":[{\"@type\":\"ReadAction\",\"target\":[\"https:\/\/smartemail.pl\/\"]}]},{\"@type\":\"ImageObject\",\"inLanguage\":\"en-US\",\"@id\":\"https:\/\/smartemail.pl\/#primaryimage\",\"url\":\"https:\/\/smartemail.pl\/wp-content\/uploads\/2025\/07\/logo-smart-email-biale-final.png\",\"contentUrl\":\"https:\/\/smartemail.pl\/wp-content\/uploads\/2025\/07\/logo-smart-email-biale-final.png\",\"width\":816,\"height\":193,\"caption\":\"logo smartemail\"},{\"@type\":\"BreadcrumbList\",\"@id\":\"https:\/\/smartemail.pl\/#breadcrumb\",\"itemListElement\":[{\"@type\":\"ListItem\",\"position\":1,\"name\":\"Strona g\u0142\u00f3wna\",\"item\":\"https:\/\/smartemail.pl\/\"},{\"@type\":\"ListItem\",\"position\":2,\"name\":\"SMARTemail.pl\"}]},{\"@type\":\"WebSite\",\"@id\":\"https:\/\/smartemail.pl\/#website\",\"url\":\"https:\/\/smartemail.pl\/\",\"name\":\"Smartemail.pl\",\"description\":\"Automatyzacja publikacji tre\u015bci prasowych dla portali informacyjnych.\",\"publisher\":{\"@id\":\"https:\/\/smartemail.pl\/#organization\"},\"potentialAction\":[{\"@type\":\"SearchAction\",\"target\":{\"@type\":\"EntryPoint\",\"urlTemplate\":\"https:\/\/smartemail.pl\/?s={search_term_string}\"},\"query-input\":{\"@type\":\"PropertyValueSpecification\",\"valueRequired\":true,\"valueName\":\"search_term_string\"}}],\"inLanguage\":\"en-US\"},{\"@type\":\"Organization\",\"@id\":\"https:\/\/smartemail.pl\/#organization\",\"name\":\"Smartemail.pl\",\"url\":\"https:\/\/smartemail.pl\/\",\"logo\":{\"@type\":\"ImageObject\",\"inLanguage\":\"en-US\",\"@id\":\"https:\/\/smartemail.pl\/#\/schema\/logo\/image\/\",\"url\":\"https:\/\/smartemail.pl\/wp-content\/uploads\/2025\/06\/cropped-favicon.png\",\"contentUrl\":\"https:\/\/smartemail.pl\/wp-content\/uploads\/2025\/06\/cropped-favicon.png\",\"width\":512,\"height\":512,\"caption\":\"Smartemail.pl\"},\"image\":{\"@id\":\"https:\/\/smartemail.pl\/#\/schema\/logo\/image\/\"}}]}<\/script>\n<!-- \/ Yoast SEO plugin. -->","yoast_head_json":{"title":"SMARTemail.pl - automatyzacja publikacji komunikat\u00f3w prasowych","description":"Zmieniaj wiadomo\u015bci prasowe w gotowe publikacje jednym klikni\u0119ciem. Szybko przekszta\u0142caj otrzymane maile w gotowe artyku\u0142y","robots":{"index":"index","follow":"follow","max-snippet":"max-snippet:-1","max-image-preview":"max-image-preview:large","max-video-preview":"max-video-preview:-1"},"canonical":"https:\/\/smartemail.pl\/","og_locale":"en_US","og_type":"article","og_title":"SMARTemail.pl - automatyzacja publikacji komunikat\u00f3w prasowych","og_description":"Zmieniaj wiadomo\u015bci prasowe w gotowe publikacje jednym klikni\u0119ciem. Szybko przekszta\u0142caj otrzymane maile w gotowe artyku\u0142y","og_url":"https:\/\/smartemail.pl\/","og_site_name":"Smartemail.pl","article_modified_time":"2025-07-07T13:18:23+00:00","og_image":[{"url":"https:\/\/smartemail.pl\/wp-content\/uploads\/2025\/07\/logo-smart-email-biale-final.png","type":"","width":"","height":""}],"twitter_card":"summary_large_image","twitter_misc":{"Est. reading time":"1 minute"},"schema":{"@context":"https:\/\/schema.org","@graph":[{"@type":"WebPage","@id":"https:\/\/smartemail.pl\/","url":"https:\/\/smartemail.pl\/","name":"SMARTemail.pl - automatyzacja publikacji komunikat\u00f3w prasowych","isPartOf":{"@id":"https:\/\/smartemail.pl\/#website"},"primaryImageOfPage":{"@id":"https:\/\/smartemail.pl\/#primaryimage"},"image":{"@id":"https:\/\/smartemail.pl\/#primaryimage"},"thumbnailUrl":"https:\/\/smartemail.pl\/wp-content\/uploads\/2025\/07\/logo-smart-email-biale-final.png","datePublished":"2025-04-16T19:13:47+00:00","dateModified":"2025-07-07T13:18:23+00:00","description":"Zmieniaj wiadomo\u015bci prasowe w gotowe publikacje jednym klikni\u0119ciem. Szybko przekszta\u0142caj otrzymane maile w gotowe artyku\u0142y","breadcrumb":{"@id":"https:\/\/smartemail.pl\/#breadcrumb"},"inLanguage":"en-US","potentialAction":[{"@type":"ReadAction","target":["https:\/\/smartemail.pl\/"]}]},{"@type":"ImageObject","inLanguage":"en-US","@id":"https:\/\/smartemail.pl\/#primaryimage","url":"https:\/\/smartemail.pl\/wp-content\/uploads\/2025\/07\/logo-smart-email-biale-final.png","contentUrl":"https:\/\/smartemail.pl\/wp-content\/uploads\/2025\/07\/logo-smart-email-biale-final.png","width":816,"height":193,"caption":"logo smartemail"},{"@type":"BreadcrumbList","@id":"https:\/\/smartemail.pl\/#breadcrumb","itemListElement":[{"@type":"ListItem","position":1,"name":"Strona g\u0142\u00f3wna","item":"https:\/\/smartemail.pl\/"},{"@type":"ListItem","position":2,"name":"SMARTemail.pl"}]},{"@type":"WebSite","@id":"https:\/\/smartemail.pl\/#website","url":"https:\/\/smartemail.pl\/","name":"Smartemail.pl","description":"Automatyzacja publikacji tre\u015bci prasowych dla portali informacyjnych.","publisher":{"@id":"https:\/\/smartemail.pl\/#organization"},"potentialAction":[{"@type":"SearchAction","target":{"@type":"EntryPoint","urlTemplate":"https:\/\/smartemail.pl\/?s={search_term_string}"},"query-input":{"@type":"PropertyValueSpecification","valueRequired":true,"valueName":"search_term_string"}}],"inLanguage":"en-US"},{"@type":"Organization","@id":"https:\/\/smartemail.pl\/#organization","name":"Smartemail.pl","url":"https:\/\/smartemail.pl\/","logo":{"@type":"ImageObject","inLanguage":"en-US","@id":"https:\/\/smartemail.pl\/#\/schema\/logo\/image\/","url":"https:\/\/smartemail.pl\/wp-content\/uploads\/2025\/06\/cropped-favicon.png","contentUrl":"https:\/\/smartemail.pl\/wp-content\/uploads\/2025\/06\/cropped-favicon.png","width":512,"height":512,"caption":"Smartemail.pl"},"image":{"@id":"https:\/\/smartemail.pl\/#\/schema\/logo\/image\/"}}]}},"_links":{"self":[{"href":"https:\/\/smartemail.pl\/index.php?rest_route=\/wp\/v2\/pages\/14","targetHints":{"allow":["GET"]}}],"collection":[{"href":"https:\/\/smartemail.pl\/index.php?rest_route=\/wp\/v2\/pages"}],"about":[{"href":"https:\/\/smartemail.pl\/index.php?rest_route=\/wp\/v2\/types\/page"}],"author":[{"embeddable":true,"href":"https:\/\/smartemail.pl\/index.php?rest_route=\/wp\/v2\/users\/1"}],"replies":[{"embeddable":true,"href":"https:\/\/smartemail.pl\/index.php?rest_route=%2Fwp%2Fv2%2Fcomments&post=14"}],"version-history":[{"count":61,"href":"https:\/\/smartemail.pl\/index.php?rest_route=\/wp\/v2\/pages\/14\/revisions"}],"predecessor-version":[{"id":103,"href":"https:\/\/smartemail.pl\/index.php?rest_route=\/wp\/v2\/pages\/14\/revisions\/103"}],"wp:attachment":[{"href":"https:\/\/smartemail.pl\/index.php?rest_route=%2Fwp%2Fv2%2Fmedia&parent=14"}],"curies":[{"name":"wp","href":"https:\/\/api.w.org\/{rel}","templated":true}]}}